{"id":104,"date":"2023-11-27T13:52:49","date_gmt":"2023-11-27T12:52:49","guid":{"rendered":"https:\/\/nes.co.at\/?page_id=104"},"modified":"2025-10-16T11:51:02","modified_gmt":"2025-10-16T09:51:02","slug":"ueber-uns","status":"publish","type":"page","link":"https:\/\/nes.co.at\/de\/ueber-uns\/","title":{"rendered":"\u00dcber uns"},"content":{"rendered":"<div class=\"wpb-content-wrapper\"><p>[vc_row row_height_percent=&#8220;0&#8243; override_padding=&#8220;yes&#8220; h_padding=&#8220;2&#8243; top_padding=&#8220;5&#8243; bottom_padding=&#8220;5&#8243; overlay_alpha=&#8220;50&#8243; gutter_size=&#8220;3&#8243; column_width_percent=&#8220;100&#8243; shift_y=&#8220;0&#8243; z_index=&#8220;0&#8243; uncode_shortcode_id=&#8220;208262&#8243;][vc_column width=&#8220;1\/1&#8243;][vc_row_inner][vc_column_inner column_width_percent=&#8220;100&#8243; align_horizontal=&#8220;align_center&#8220; gutter_size=&#8220;3&#8243; overlay_alpha=&#8220;50&#8243; shift_x=&#8220;0&#8243; shift_y=&#8220;0&#8243; shift_y_down=&#8220;0&#8243; z_index=&#8220;0&#8243; medium_width=&#8220;0&#8243; mobile_width=&#8220;0&#8243; width=&#8220;1\/1&#8243; uncode_shortcode_id=&#8220;780117&#8243;][vc_custom_heading text_transform=&#8220;uppercase&#8220; separator_color=&#8220;yes&#8220; separator=&#8220;yes&#8220; uncode_shortcode_id=&#8220;147602&#8243;]<strong>W<\/strong>ir sind <strong>NES<\/strong> \u2013 <strong>N<\/strong>ovel <strong>E<\/strong>nergy <strong>S<\/strong>olutions[\/vc_custom_heading][\/vc_column_inner][\/vc_row_inner][vc_column_text uncode_shortcode_id=&#8220;855218&#8243;]NES hat es sich zum Ziel gesetzt einen wesentlichen Teil zur Reduktion von CO<sub>2<\/sub> Emissionen in der Verfahrenstechnik beizutragen. Nachhaltigkeit und Energieeffizienz sind dabei wichtige Faktoren. Zudem ist es uns wichtig, die Sicherheit und den Menschen in den Vordergrund zu stellen. Neben der wirtschaftlichen Betrachtung eines Projektes legen wir auch Wert auf eine qualitative Bewertung der Umwelteinfl\u00fcsse.<\/p>\n<p>Weiter- und Neuentwicklungen im Bereich der Softwaretechnik haben die Planung in Verfahrenstechnik im 21. Jahrhundert ma\u00dfgeblich ver\u00e4ndert. Leistungssimulationsprogramme erm\u00f6glichen immer pr\u00e4zisere Vorausberechnungen von verfahrenstechnischen Anlagen. Anhand dieser neuen Technologie und Methoden k\u00f6nnen Anlagen effizient in Hinblick auf Investitions- und Betriebskosten geplant werden. Auch umwelttechnische Aspekte sind im Vorhinein absch\u00e4tzbar. NES hat sich dazu entschlossen die M\u00f6glichkeiten der neuen Berechnungstechnologie anzunehmen und kontinuierlich zu verbessern.<\/p>\n<p>Mit unserem Team schaffen wir es, diese Anspr\u00fcche umzusetzen.[\/vc_column_text][\/vc_column][\/vc_row][vc_row row_height_percent=&#8220;0&#8243; override_padding=&#8220;yes&#8220; h_padding=&#8220;2&#8243; top_padding=&#8220;0&#8243; bottom_padding=&#8220;5&#8243; overlay_alpha=&#8220;50&#8243; gutter_size=&#8220;3&#8243; column_width_percent=&#8220;100&#8243; shift_y=&#8220;0&#8243; z_index=&#8220;0&#8243; uncode_shortcode_id=&#8220;160641&#8243;][vc_column width=&#8220;1\/1&#8243;][vc_row_inner][vc_column_inner column_width_percent=&#8220;100&#8243; align_horizontal=&#8220;align_center&#8220; gutter_size=&#8220;3&#8243; overlay_alpha=&#8220;50&#8243; shift_x=&#8220;0&#8243; shift_y=&#8220;0&#8243; shift_y_down=&#8220;0&#8243; z_index=&#8220;0&#8243; medium_width=&#8220;0&#8243; mobile_width=&#8220;0&#8243; width=&#8220;1\/1&#8243; uncode_shortcode_id=&#8220;780117&#8243;][vc_custom_heading text_transform=&#8220;uppercase&#8220; separator_color=&#8220;yes&#8220; separator=&#8220;yes&#8220; uncode_shortcode_id=&#8220;131094&#8243;]<strong>U<\/strong>nser <strong>T<\/strong>eam[\/vc_custom_heading][\/vc_column_inner][\/vc_row_inner][vc_row_inner][vc_column_inner width=&#8220;2\/3&#8243;][vc_custom_heading heading_semantic=&#8220;h3&#8243; text_size=&#8220;h3&#8243; uncode_shortcode_id=&#8220;202323&#8243;]Dr. Lukas Christian Benda[\/vc_custom_heading][vc_column_text uncode_shortcode_id=&#8220;929936&#8243;]<strong>Funktion<\/strong><br \/>\nGesch\u00e4ftsf\u00fchrer, Gr\u00fcnder und Sachverst\u00e4ndiger<\/p>\n<p><strong>Information<\/strong><br \/>\nLukas Benda bietet technische Dienstleistungen und Berechnungen im Bereich Verfahrenstechnik an. Er absolvierte die H\u00f6here Technische Lehranstalt f\u00fcr Chemieingenieurwesen in Wels und studierte danach Verfahrenstechnik an der Technischen Universit\u00e4t Wien. Nach seiner Industriepromotion bei der Firma Mondi im Bereich Schwarzlaugenkessel, gr\u00fcndete er 2020 das Ingenieurb\u00fcro NES und ist seitdem europaweit t\u00e4tig.[\/vc_column_text][vc_column_text uncode_shortcode_id=&#8220;141268&#8243;]<strong>Allgemein beeideter und gerichtlich zertifizierter Sachverst\u00e4ndiger<\/strong><\/p>\n<p>Eingetragen am Landesgericht Ried im Innkreis<\/p>\n<p>Als allgemein beeideter und gerichtlich zertifizierter Sachverst\u00e4ndiger bietet Lukas Benda unabh\u00e4ngige, fachlich fundierte und rechtssichere Gutachten f\u00fcr Industrie, Versicherungen und Beh\u00f6rden an.<\/p>\n<p>T\u00e4tigkeitsschwerpunkte liegen in den Fachgebieten<\/p>\n<ul>\n<li>60.30 \u2013 Dampfkessel und Dampfturbinen<\/li>\n<li>60.31 \u2013 Druckbeh\u00e4lter<\/li>\n<\/ul>\n<p>Langj\u00e4hrige Erfahrung im Anlagenbau und in der Pr\u00fcfung technischer Systeme bilden die Grundlage f\u00fcr pr\u00e4zise Bewertungen und nachvollziehbare Gutachten. Ziel ist stets, komplexe technische Sachverhalte klar und verst\u00e4ndlich darzustell[\/vc_column_text][\/vc_column_inner][vc_column_inner width=&#8220;1\/3&#8243;][\/vc_column_inner][\/vc_row_inner][\/vc_column][\/vc_row]<\/p>\n<\/div>","protected":false},"excerpt":{"rendered":"<p>[vc_row row_height_percent=&#8220;0&#8243; override_padding=&#8220;yes&#8220; h_padding=&#8220;2&#8243; top_padding=&#8220;5&#8243; bottom_padding=&#8220;5&#8243; overlay_alpha=&#8220;50&#8243; gutter_size=&#8220;3&#8243; column_width_percent=&#8220;100&#8243; shift_y=&#8220;0&#8243; z_index=&#8220;0&#8243; uncode_shortcode_id=&#8220;208262&#8243;][vc_column width=&#8220;1\/1&#8243;][vc_row_inner][vc_column_inner column_width_percent=&#8220;100&#8243; align_horizontal=&#8220;align_center&#8220; gutter_size=&#8220;3&#8243; overlay_alpha=&#8220;50&#8243; shift_x=&#8220;0&#8243; shift_y=&#8220;0&#8243; shift_y_down=&#8220;0&#8243; [&hellip;]<\/p>\n","protected":false},"author":1,"featured_media":191,"parent":0,"menu_order":5,"comment_status":"closed","ping_status":"closed","template":"","meta":{"footnotes":""},"class_list":["post-104","page","type-page","status-publish","has-post-thumbnail","hentry"],"_links":{"self":[{"href":"https:\/\/nes.co.at\/de\/wp-json\/wp\/v2\/pages\/104","targetHints":{"allow":["GET"]}}],"collection":[{"href":"https:\/\/nes.co.at\/de\/wp-json\/wp\/v2\/pages"}],"about":[{"href":"https:\/\/nes.co.at\/de\/wp-json\/wp\/v2\/types\/page"}],"author":[{"embeddable":true,"href":"https:\/\/nes.co.at\/de\/wp-json\/wp\/v2\/users\/1"}],"replies":[{"embeddable":true,"href":"https:\/\/nes.co.at\/de\/wp-json\/wp\/v2\/comments?post=104"}],"version-history":[{"count":23,"href":"https:\/\/nes.co.at\/de\/wp-json\/wp\/v2\/pages\/104\/revisions"}],"predecessor-version":[{"id":842,"href":"https:\/\/nes.co.at\/de\/wp-json\/wp\/v2\/pages\/104\/revisions\/842"}],"wp:featuredmedia":[{"embeddable":true,"href":"https:\/\/nes.co.at\/de\/wp-json\/wp\/v2\/media\/191"}],"wp:attachment":[{"href":"https:\/\/nes.co.at\/de\/wp-json\/wp\/v2\/media?parent=104"}],"curies":[{"name":"wp","href":"https:\/\/api.w.org\/{rel}","templated":true}]}}