{"id":116,"date":"2023-11-27T13:53:59","date_gmt":"2023-11-27T12:53:59","guid":{"rendered":"https:\/\/nes.co.at\/?page_id=116"},"modified":"2024-01-16T16:18:55","modified_gmt":"2024-01-16T15:18:55","slug":"industrielle-dampferzeuger","status":"publish","type":"page","link":"https:\/\/nes.co.at\/de\/leistungen\/industrielle-dampferzeuger\/","title":{"rendered":"Industrielle Dampferzeuger"},"content":{"rendered":"<div class=\"wpb-content-wrapper\"><p>[vc_row row_height_percent=&#8220;0&#8243; override_padding=&#8220;yes&#8220; h_padding=&#8220;2&#8243; top_padding=&#8220;5&#8243; bottom_padding=&#8220;5&#8243; overlay_alpha=&#8220;50&#8243; gutter_size=&#8220;3&#8243; column_width_percent=&#8220;100&#8243; shift_y=&#8220;0&#8243; z_index=&#8220;0&#8243; uncode_shortcode_id=&#8220;364559&#8243;][vc_column width=&#8220;1\/2&#8243;][vc_custom_heading uncode_shortcode_id=&#8220;931183&#8243;]Technische Berechnungen[\/vc_custom_heading][uncode_list icon=&#8220;fa fa-caret-right&#8220; icon_color=&#8220;color-319509&#8243; uncode_shortcode_id=&#8220;101369&#8243; icon_color_type=&#8220;uncode-palette&#8220;]<\/p>\n<ul>\n<li>W\u00e4rme- und str\u00f6mungstechnische Auslegung von Heizfl\u00e4chen<\/li>\n<li>Wasserumlaufberechnungen<\/li>\n<li>Simulation und Optimierung von Dampfkessel- und Kraftwerksanlagen<\/li>\n<li>Wasserrohrkessel<\/li>\n<li>Abhitzekessel<\/li>\n<li>Gro\u00dfwasserraumkessel<\/li>\n<li>Wirbelschichtkessel<\/li>\n<li>Feststoff-, Fl\u00fcssig- und Gasverbrennungsanlagen<\/li>\n<li>Schwarzlaugenkessel<\/li>\n<li>Biomasse<\/li>\n<li>Braunlaugenkessel<\/li>\n<li>Erdgas<\/li>\n<\/ul>\n<p>[\/uncode_list][\/vc_column][vc_column width=&#8220;1\/2&#8243;][vc_custom_heading uncode_shortcode_id=&#8220;106715&#8243;]Wirtschaftlichkeitsbetrachtungen und technische Gutachten[\/vc_custom_heading][uncode_list icon=&#8220;fa fa-caret-right&#8220; icon_color=&#8220;color-319509&#8243; uncode_shortcode_id=&#8220;137389&#8243; icon_color_type=&#8220;uncode-palette&#8220;]<\/p>\n<ul>\n<li>Potentialanalyse und Rentabilit\u00e4t<\/li>\n<li>Wirtschaftlichkeitsberechnungen<\/li>\n<\/ul>\n<p>[\/uncode_list][vc_custom_heading uncode_shortcode_id=&#8220;160465&#8243;]Engineering-Leistungen[\/vc_custom_heading][uncode_list icon=&#8220;fa fa-caret-right&#8220; icon_color=&#8220;color-319509&#8243; uncode_shortcode_id=&#8220;178182&#8243; icon_color_type=&#8220;uncode-palette&#8220;]<\/p>\n<ul>\n<li>Machbarkeitsstudien<\/li>\n<li>Front-end-Engineering<\/li>\n<li>Basic Engineering<\/li>\n<li>Qualit\u00e4tssicherung im Detail Engineering<\/li>\n<li>Erstellung von Flie\u00dfbildern und Leitzeichnungen<\/li>\n<li>Equipment-Spezifikationen<\/li>\n<li>\u00dcberwachungskonzepte f\u00fcr Schwarzlaugenkessel<\/li>\n<\/ul>\n<p>[\/uncode_list][\/vc_column][\/vc_row]<\/p>\n<\/div>","protected":false},"excerpt":{"rendered":"<p>[vc_row row_height_percent=&#8220;0&#8243; override_padding=&#8220;yes&#8220; h_padding=&#8220;2&#8243; top_padding=&#8220;5&#8243; bottom_padding=&#8220;5&#8243; overlay_alpha=&#8220;50&#8243; gutter_size=&#8220;3&#8243; column_width_percent=&#8220;100&#8243; shift_y=&#8220;0&#8243; z_index=&#8220;0&#8243; uncode_shortcode_id=&#8220;364559&#8243;][vc_column width=&#8220;1\/2&#8243;][vc_custom_heading uncode_shortcode_id=&#8220;931183&#8243;]Technische Berechnungen[\/vc_custom_heading][uncode_list icon=&#8220;fa fa-caret-right&#8220; icon_color=&#8220;color-319509&#8243; uncode_shortcode_id=&#8220;101369&#8243; icon_color_type=&#8220;uncode-palette&#8220;] [&hellip;]<\/p>\n","protected":false},"author":1,"featured_media":163,"parent":97,"menu_order":2,"comment_status":"closed","ping_status":"closed","template":"","meta":{"footnotes":""},"class_list":["post-116","page","type-page","status-publish","has-post-thumbnail","hentry"],"_links":{"self":[{"href":"https:\/\/nes.co.at\/de\/wp-json\/wp\/v2\/pages\/116","targetHints":{"allow":["GET"]}}],"collection":[{"href":"https:\/\/nes.co.at\/de\/wp-json\/wp\/v2\/pages"}],"about":[{"href":"https:\/\/nes.co.at\/de\/wp-json\/wp\/v2\/types\/page"}],"author":[{"embeddable":true,"href":"https:\/\/nes.co.at\/de\/wp-json\/wp\/v2\/users\/1"}],"replies":[{"embeddable":true,"href":"https:\/\/nes.co.at\/de\/wp-json\/wp\/v2\/comments?post=116"}],"version-history":[{"count":6,"href":"https:\/\/nes.co.at\/de\/wp-json\/wp\/v2\/pages\/116\/revisions"}],"predecessor-version":[{"id":166,"href":"https:\/\/nes.co.at\/de\/wp-json\/wp\/v2\/pages\/116\/revisions\/166"}],"up":[{"embeddable":true,"href":"https:\/\/nes.co.at\/de\/wp-json\/wp\/v2\/pages\/97"}],"wp:featuredmedia":[{"embeddable":true,"href":"https:\/\/nes.co.at\/de\/wp-json\/wp\/v2\/media\/163"}],"wp:attachment":[{"href":"https:\/\/nes.co.at\/de\/wp-json\/wp\/v2\/media?parent=116"}],"curies":[{"name":"wp","href":"https:\/\/api.w.org\/{rel}","templated":true}]}}