{"id":2,"date":"2023-11-09T10:22:53","date_gmt":"2023-11-09T09:22:53","guid":{"rendered":"http:\/\/nes.co.at\/?page_id=2"},"modified":"2024-03-05T13:08:11","modified_gmt":"2024-03-05T12:08:11","slug":"home","status":"publish","type":"page","link":"https:\/\/nes.co.at\/de\/","title":{"rendered":"Startseite"},"content":{"rendered":"<div class=\"wpb-content-wrapper\">[vc_row row_height_percent=&#8220;60&#8243; override_padding=&#8220;yes&#8220; h_padding=&#8220;2&#8243; top_padding=&#8220;2&#8243; bottom_padding=&#8220;3&#8243; back_image=&#8220;218&#8243; parallax=&#8220;yes&#8220; kburns=&#8220;zoom&#8220; overlay_color=&#8220;color-jevc&#8220; overlay_alpha=&#8220;30&#8243; gutter_size=&#8220;3&#8243; column_width_percent=&#8220;100&#8243; shift_y=&#8220;0&#8243; z_index=&#8220;0&#8243; top_divider=&#8220;tilt&#8220; uncode_shortcode_id=&#8220;637438&#8243; row_height_pixel=&#8220;492&#8243; overlay_color_type=&#8220;uncode-palette&#8220; shape_dividers=&#8220;&#8220;][vc_column column_width_percent=&#8220;100&#8243; position_vertical=&#8220;bottom&#8220; gutter_size=&#8220;2&#8243; style=&#8220;dark&#8220; overlay_alpha=&#8220;50&#8243; shift_x=&#8220;0&#8243; shift_y=&#8220;0&#8243; shift_y_down=&#8220;0&#8243; z_index=&#8220;0&#8243; medium_width=&#8220;0&#8243; mobile_width=&#8220;0&#8243; width=&#8220;1\/1&#8243; uncode_shortcode_id=&#8220;724061&#8243; mobile_height=&#8220;500&#8243;][uncode_slider slider_interval=&#8220;10000&#8243; slider_navspeed=&#8220;400&#8243; slider_loop=&#8220;yes&#8220; slider_hide_arrows=&#8220;yes&#8220; slider_hide_dots=&#8220;yes&#8220;][vc_row_inner][vc_column_inner column_width_percent=&#8220;100&#8243; position_vertical=&#8220;bottom&#8220; gutter_size=&#8220;0&#8243; style=&#8220;dark&#8220; overlay_alpha=&#8220;50&#8243; shift_x=&#8220;0&#8243; shift_y=&#8220;0&#8243; shift_y_down=&#8220;0&#8243; z_index=&#8220;0&#8243; medium_width=&#8220;0&#8243; mobile_width=&#8220;0&#8243; width=&#8220;2\/3&#8243; uncode_shortcode_id=&#8220;181758&#8243;][vc_custom_heading text_size=&#8220;h3&#8243; css_animation=&#8220;bottom-t-top&#8220; animation_delay=&#8220;200&#8243; uncode_shortcode_id=&#8220;130372&#8243;]Prozesssimulation und Engineering<\/p>\r\n<p>[\/vc_custom_heading][vc_custom_heading text_size=&#8220;h1&#8243; sub_reduced=&#8220;yes&#8220; css_animation=&#8220;bottom-t-top&#8220; animation_delay=&#8220;400&#8243; uncode_shortcode_id=&#8220;174392&#8243;]&#8220;Wir planen, optimieren und berechnen Ihre Anlage&#8220;[\/vc_custom_heading][\/vc_column_inner][vc_column_inner width=&#8220;1\/3&#8243;][\/vc_column_inner][\/vc_row_inner][vc_row_inner][vc_column_inner column_width_percent=&#8220;100&#8243; position_vertical=&#8220;bottom&#8220; gutter_size=&#8220;0&#8243; style=&#8220;dark&#8220; overlay_alpha=&#8220;50&#8243; shift_x=&#8220;0&#8243; shift_y=&#8220;0&#8243; shift_y_down=&#8220;0&#8243; z_index=&#8220;0&#8243; medium_width=&#8220;0&#8243; mobile_width=&#8220;0&#8243; width=&#8220;2\/3&#8243; uncode_shortcode_id=&#8220;307287&#8243;][vc_custom_heading text_size=&#8220;h3&#8243; css_animation=&#8220;bottom-t-top&#8220; animation_delay=&#8220;200&#8243; uncode_shortcode_id=&#8220;161689&#8243;]Prozesssimulation und Engineering<\/p>\r\n<p>[\/vc_custom_heading][vc_custom_heading text_size=&#8220;h1&#8243; sub_reduced=&#8220;yes&#8220; css_animation=&#8220;bottom-t-top&#8220; animation_delay=&#8220;400&#8243; uncode_shortcode_id=&#8220;406644&#8243;]&#8220;Wir reduzieren Emissionen und stellen Ihren zuk\u00fcnftigen Erfolg sicher&#8220;[\/vc_custom_heading][\/vc_column_inner][vc_column_inner width=&#8220;1\/3&#8243;][\/vc_column_inner][\/vc_row_inner][vc_row_inner][vc_column_inner column_width_percent=&#8220;100&#8243; position_vertical=&#8220;bottom&#8220; gutter_size=&#8220;0&#8243; style=&#8220;dark&#8220; overlay_alpha=&#8220;50&#8243; shift_x=&#8220;0&#8243; shift_y=&#8220;0&#8243; shift_y_down=&#8220;0&#8243; z_index=&#8220;0&#8243; medium_width=&#8220;0&#8243; mobile_width=&#8220;0&#8243; width=&#8220;2\/3&#8243; uncode_shortcode_id=&#8220;130757&#8243;][vc_custom_heading text_size=&#8220;h3&#8243; css_animation=&#8220;bottom-t-top&#8220; animation_delay=&#8220;200&#8243; uncode_shortcode_id=&#8220;143916&#8243;]Prozesssimulation und Engineering<\/p>\r\n<p>[\/vc_custom_heading][vc_custom_heading text_size=&#8220;h1&#8243; sub_reduced=&#8220;yes&#8220; css_animation=&#8220;bottom-t-top&#8220; animation_delay=&#8220;400&#8243; uncode_shortcode_id=&#8220;895737&#8243;]&#8220;Wir handeln verantwortlich und konzentrieren uns auf Sicherheit und Nachhaltigkeit&#8220;[\/vc_custom_heading][\/vc_column_inner][vc_column_inner width=&#8220;1\/3&#8243;][\/vc_column_inner][\/vc_row_inner][\/uncode_slider][\/vc_column][\/vc_row][vc_row row_height_percent=&#8220;0&#8243; override_padding=&#8220;yes&#8220; h_padding=&#8220;2&#8243; top_padding=&#8220;5&#8243; bottom_padding=&#8220;4&#8243; overlay_alpha=&#8220;50&#8243; gutter_size=&#8220;3&#8243; column_width_percent=&#8220;100&#8243; shift_y=&#8220;0&#8243; z_index=&#8220;0&#8243; uncode_shortcode_id=&#8220;133824&#8243;][vc_column column_width_percent=&#8220;100&#8243; align_horizontal=&#8220;align_center&#8220; gutter_size=&#8220;3&#8243; overlay_alpha=&#8220;50&#8243; shift_x=&#8220;0&#8243; shift_y=&#8220;0&#8243; shift_y_down=&#8220;0&#8243; z_index=&#8220;0&#8243; medium_width=&#8220;0&#8243; mobile_width=&#8220;0&#8243; width=&#8220;1\/1&#8243; uncode_shortcode_id=&#8220;432937&#8243;][vc_custom_heading text_transform=&#8220;uppercase&#8220; separator=&#8220;yes&#8220; separator_color=&#8220;yes&#8220; uncode_shortcode_id=&#8220;217781&#8243;]<b>I<\/b>hre beste <strong>W<\/strong>ahl[\/vc_custom_heading][vc_column_text uncode_shortcode_id=&#8220;118700&#8243;]Wir zeichnen uns aus durch hohes Engagement, langj\u00e4hrige Erfahrung und die neuesten Software-Tools.<\/p>\r\n<p>[\/vc_column_text][\/vc_column][\/vc_row][vc_row row_height_percent=&#8220;0&#8243; override_padding=&#8220;yes&#8220; h_padding=&#8220;2&#8243; top_padding=&#8220;4&#8243; bottom_padding=&#8220;3&#8243; back_color=&#8220;color-lxmt&#8220; overlay_alpha=&#8220;50&#8243; gutter_size=&#8220;4&#8243; column_width_percent=&#8220;100&#8243; shift_y=&#8220;0&#8243; z_index=&#8220;0&#8243; uncode_shortcode_id=&#8220;440431&#8243; back_color_type=&#8220;uncode-palette&#8220;][vc_column column_width_percent=&#8220;100&#8243; align_horizontal=&#8220;align_center&#8220; gutter_size=&#8220;3&#8243; overlay_alpha=&#8220;50&#8243; shift_x=&#8220;0&#8243; shift_y=&#8220;0&#8243; shift_y_down=&#8220;0&#8243; z_index=&#8220;0&#8243; medium_width=&#8220;0&#8243; mobile_width=&#8220;0&#8243; width=&#8220;1\/3&#8243; uncode_shortcode_id=&#8220;101172&#8243;][vc_icon icon_image=&#8220;350&#8243; icon_color=&#8220;color-178836&#8243; uncode_shortcode_id=&#8220;162328&#8243; icon_color_type=&#8220;uncode-palette&#8220; title=&#8220;Beste Qualit\u00e4t&#8220;][\/vc_icon][vc_column_text uncode_shortcode_id=&#8220;156797&#8243;]NES ist bestrebt, die h\u00f6chsten Qualit\u00e4tsstandards einzuhalten, ohne Ihr Unternehmen zu beeintr\u00e4chtigen.<\/p>\r\n<p>[\/vc_column_text][\/vc_column][vc_column column_width_percent=&#8220;100&#8243; align_horizontal=&#8220;align_center&#8220; gutter_size=&#8220;3&#8243; overlay_alpha=&#8220;50&#8243; shift_x=&#8220;0&#8243; shift_y=&#8220;0&#8243; shift_y_down=&#8220;0&#8243; z_index=&#8220;0&#8243; medium_width=&#8220;0&#8243; mobile_width=&#8220;0&#8243; width=&#8220;1\/3&#8243; uncode_shortcode_id=&#8220;233026&#8243;][vc_icon icon_image=&#8220;352&#8243; icon_color=&#8220;color-178836&#8243; uncode_shortcode_id=&#8220;208453&#8243; icon_color_type=&#8220;uncode-palette&#8220; title=&#8220;P\u00fcnktlichkeit&#8220;][\/vc_icon][vc_column_text uncode_shortcode_id=&#8220;109607&#8243;]In unserem Unternehmen respektieren wir den Zeitplan unserer Kunden und schlie\u00dfen Projekte stets p\u00fcnktlich ab.<\/p>\r\n<p>[\/vc_column_text][\/vc_column][vc_column column_width_percent=&#8220;100&#8243; align_horizontal=&#8220;align_center&#8220; gutter_size=&#8220;3&#8243; overlay_alpha=&#8220;50&#8243; shift_x=&#8220;0&#8243; shift_y=&#8220;0&#8243; shift_y_down=&#8220;0&#8243; z_index=&#8220;0&#8243; medium_width=&#8220;0&#8243; mobile_width=&#8220;0&#8243; width=&#8220;1\/3&#8243; uncode_shortcode_id=&#8220;932153&#8243;][vc_icon icon_image=&#8220;346&#8243; icon_color=&#8220;color-178836&#8243; uncode_shortcode_id=&#8220;502804&#8243; icon_color_type=&#8220;uncode-palette&#8220; title=&#8220;Erfahrung&#8220;][\/vc_icon][vc_column_text uncode_shortcode_id=&#8220;151202&#8243;]Dank unserer Erfahrung k\u00f6nnen Sie darauf vertrauen, dass wir Arbeiten genau nach Ihren Vorgaben erledigen.<\/p>\r\n<p>[\/vc_column_text][\/vc_column][\/vc_row][vc_row row_height_percent=&#8220;0&#8243; override_padding=&#8220;yes&#8220; h_padding=&#8220;2&#8243; top_padding=&#8220;5&#8243; bottom_padding=&#8220;5&#8243; overlay_alpha=&#8220;50&#8243; gutter_size=&#8220;3&#8243; column_width_percent=&#8220;100&#8243; shift_y=&#8220;0&#8243; z_index=&#8220;0&#8243; uncode_shortcode_id=&#8220;862595&#8243;][vc_column][vc_custom_heading text_transform=&#8220;uppercase&#8220; separator=&#8220;yes&#8220; separator_color=&#8220;yes&#8220; uncode_shortcode_id=&#8220;627082&#8243;]<strong>W<\/strong>illkommen bei <strong>NES<\/strong>[\/vc_custom_heading][vc_column_text uncode_shortcode_id=&#8220;192906&#8243;]Wir haben Projekte in mehreren Industriebereichen erfolgreich abgeschlossen.<\/p>\r\n<p>NES verf\u00fcgt \u00fcber eine nachgewiesene Erfolgsbilanz in folgenden Bereichen:<\/p>\r\n<p>[\/vc_column_text][uncode_list larger=&#8220;yes&#8220; icon=&#8220;fa fa-check-square&#8220; icon_color=&#8220;color-319509&#8243; uncode_shortcode_id=&#8220;162840&#8243; icon_color_type=&#8220;uncode-palette&#8220;]\r\n<ul>\r\n<li>Nachhaltige Energiesysteme<\/li>\r\n<li>Zellstoffherstellung<\/li>\r\n<li>Petrochemische Anlagen<\/li>\r\n<li>Dampfkesselanlagen<\/li>\r\n<\/ul>\r\n<p>[\/uncode_list][vc_column_text uncode_shortcode_id=&#8220;198258&#8243;]NES hat es sich zum Ziel gesetzt einen wesentlichen Teil zur Reduktion von CO<sub>2<\/sub> Emissionen in der Verfahrenstechnik beizutragen. Nachhaltigkeit und Energieeffizienz sind dabei wichtige Faktoren. Zudem ist es uns wichtig, die Sicherheit und den Menschen in den Vordergrund zu stellen. Neben der wirtschaftlichen Betrachtung eines Projektes legen wir auch Wert auf eine qualitative Bewertung der Umwelteinfl\u00fcsse.<\/p>\r\n<p>Weiter- und Neuentwicklungen im Bereich der Softwaretechnik haben die Planung in Verfahrenstechnik im 21. Jahrhundert ma\u00dfgeblich ver\u00e4ndert. Leistungssimulationsprogramme erm\u00f6glichen immer pr\u00e4zisere Vorausberechnungen von verfahrenstechnischen Anlagen. Anhand dieser neuen Technologie und Methoden k\u00f6nnen Anlagen effizient in Hinblick auf Investitions- und Betriebskosten geplant werden. Auch umwelttechnische Aspekte sind im Vorhinein absch\u00e4tzbar. NES hat sich dazu entschlossen die M\u00f6glichkeiten der neuen Berechnungstechnologie anzunehmen und kontinuierlich zu verbessern.<\/p>\r\n<p>[\/vc_column_text][\/vc_column][\/vc_row][vc_row row_height_percent=&#8220;0&#8243; override_padding=&#8220;yes&#8220; h_padding=&#8220;2&#8243; top_padding=&#8220;5&#8243; bottom_padding=&#8220;5&#8243; back_image=&#8220;10&#8243; parallax=&#8220;yes&#8220; overlay_color=&#8220;color-jevc&#8220; overlay_alpha=&#8220;50&#8243; gutter_size=&#8220;3&#8243; column_width_percent=&#8220;100&#8243; shift_y=&#8220;0&#8243; z_index=&#8220;0&#8243; uncode_shortcode_id=&#8220;187990&#8243; overlay_color_type=&#8220;uncode-palette&#8220;][vc_column column_width_percent=&#8220;100&#8243; align_horizontal=&#8220;align_center&#8220; gutter_size=&#8220;3&#8243; style=&#8220;dark&#8220; overlay_alpha=&#8220;50&#8243; shift_x=&#8220;0&#8243; shift_y=&#8220;0&#8243; shift_y_down=&#8220;0&#8243; z_index=&#8220;0&#8243; medium_width=&#8220;0&#8243; mobile_width=&#8220;0&#8243; width=&#8220;1\/1&#8243; uncode_shortcode_id=&#8220;959476&#8243;][vc_custom_heading text_transform=&#8220;uppercase&#8220; separator=&#8220;yes&#8220; separator_color=&#8220;yes&#8220; uncode_shortcode_id=&#8220;140424&#8243;]<strong>A<\/strong>ktuelle <strong>R<\/strong>eferenzen[\/vc_custom_heading][vc_empty_space empty_h=&#8220;2&#8243;][uncode_index el_id=&#8220;index-960889&#8243; isotope_mode=&#8220;fitRows&#8220; loop=&#8220;size:3|order_by:date|post_type:portfolio|taxonomy_count:10&#8243; screen_lg=&#8220;1000&#8243; screen_md=&#8220;600&#8243; screen_sm=&#8220;480&#8243; gutter_size=&#8220;3&#8243; portfolio_items=&#8220;media|featured|onpost|original,title,spacer|one,link|default|default_size|scale_mobile|Mehr erfahren&#8220; images_size=&#8220;four-three&#8220; single_style=&#8220;dark&#8220; single_overlay_opacity=&#8220;50&#8243; single_padding=&#8220;2&#8243; single_title_dimension=&#8220;h3&#8243; uncode_shortcode_id=&#8220;172467&#8243;][\/vc_column][\/vc_row][vc_row row_height_percent=&#8220;0&#8243; override_padding=&#8220;yes&#8220; h_padding=&#8220;2&#8243; top_padding=&#8220;5&#8243; bottom_padding=&#8220;5&#8243; overlay_alpha=&#8220;50&#8243; gutter_size=&#8220;3&#8243; column_width_percent=&#8220;100&#8243; shift_y=&#8220;0&#8243; z_index=&#8220;0&#8243; uncode_shortcode_id=&#8220;198288&#8243;][vc_column column_width_percent=&#8220;100&#8243; gutter_size=&#8220;3&#8243; overlay_alpha=&#8220;50&#8243; shift_x=&#8220;0&#8243; shift_y=&#8220;0&#8243; shift_y_down=&#8220;0&#8243; z_index=&#8220;0&#8243; medium_width=&#8220;0&#8243; mobile_width=&#8220;0&#8243; width=&#8220;1\/1&#8243; uncode_shortcode_id=&#8220;172855&#8243;][vc_row_inner][vc_column_inner column_width_percent=&#8220;100&#8243; align_horizontal=&#8220;align_center&#8220; gutter_size=&#8220;3&#8243; overlay_alpha=&#8220;50&#8243; shift_x=&#8220;0&#8243; shift_y=&#8220;0&#8243; shift_y_down=&#8220;0&#8243; z_index=&#8220;0&#8243; medium_width=&#8220;0&#8243; mobile_width=&#8220;0&#8243; width=&#8220;1\/1&#8243; uncode_shortcode_id=&#8220;924040&#8243;][vc_custom_heading text_transform=&#8220;uppercase&#8220; separator=&#8220;yes&#8220; separator_color=&#8220;yes&#8220; uncode_shortcode_id=&#8220;213410&#8243;]<strong>U<\/strong>nsere <strong>S<\/strong>ervices im <strong>\u00dc<\/strong>berblick[\/vc_custom_heading][\/vc_column_inner][\/vc_row_inner][vc_column_text uncode_shortcode_id=&#8220;181816&#8243;]NES bietet Simulationen, Engineering, Berechnungen, Nachrechnungen, Optimierungen, Konstruktionen und Konzepte in den Bereichen Verfahrenstechnik und Dampferzeugungstechnik.<\/p>\r\n<p>[\/vc_column_text][vc_row_inner row_inner_height_percent=&#8220;0&#8243; overlay_alpha=&#8220;50&#8243; equal_height=&#8220;yes&#8220; gutter_size=&#8220;3&#8243; shift_y=&#8220;0&#8243; z_index=&#8220;0&#8243; uncode_shortcode_id=&#8220;950437&#8243;][vc_column_inner column_width_percent=&#8220;100&#8243; align_horizontal=&#8220;align_center&#8220; gutter_size=&#8220;3&#8243; back_color=&#8220;color-lxmt&#8220; overlay_alpha=&#8220;50&#8243; shift_x=&#8220;0&#8243; shift_y=&#8220;0&#8243; shift_y_down=&#8220;0&#8243; z_index=&#8220;0&#8243; medium_width=&#8220;0&#8243; mobile_width=&#8220;0&#8243; width=&#8220;1\/2&#8243; uncode_shortcode_id=&#8220;203050&#8243; back_color_type=&#8220;uncode-palette&#8220;][vc_icon icon_image=&#8220;339&#8243; icon_color=&#8220;color-178836&#8243; uncode_shortcode_id=&#8220;123408&#8243; icon_color_type=&#8220;uncode-palette&#8220;][\/vc_icon][vc_custom_heading heading_semantic=&#8220;h3&#8243; text_size=&#8220;h3&#8243; uncode_shortcode_id=&#8220;373751&#8243;]Thermische Verfahrenstechnik[\/vc_custom_heading][vc_column_text uncode_shortcode_id=&#8220;250570&#8243;]Destillation, Eindampfung, Adsorption,<br \/>\r\nIonenaustausch, Absorption<\/p>\r\n<p>[\/vc_column_text][vc_button border_width=&#8220;0&#8243; link=&#8220;url:%2Fde%2Fleistungen%2Fthermische-verfahrenstechnik%2F&#8220; uncode_shortcode_id=&#8220;134335&#8243;]Mehr erfahren[\/vc_button][\/vc_column_inner][vc_column_inner column_width_percent=&#8220;100&#8243; align_horizontal=&#8220;align_center&#8220; gutter_size=&#8220;3&#8243; back_color=&#8220;color-lxmt&#8220; overlay_alpha=&#8220;50&#8243; shift_x=&#8220;0&#8243; shift_y=&#8220;0&#8243; shift_y_down=&#8220;0&#8243; z_index=&#8220;0&#8243; medium_width=&#8220;0&#8243; mobile_width=&#8220;0&#8243; width=&#8220;1\/2&#8243; uncode_shortcode_id=&#8220;432913&#8243; back_color_type=&#8220;uncode-palette&#8220;][vc_icon icon_image=&#8220;335&#8243; icon_color=&#8220;color-178836&#8243; uncode_shortcode_id=&#8220;141356&#8243; icon_color_type=&#8220;uncode-palette&#8220;][\/vc_icon][vc_custom_heading heading_semantic=&#8220;h3&#8243; text_size=&#8220;h3&#8243; uncode_shortcode_id=&#8220;104744&#8243;]Industrielle Dampfkessel[\/vc_custom_heading][vc_column_text uncode_shortcode_id=&#8220;125134&#8243;]Abhitzekessel, Biomasse, Schwarzlaugenkessel, Naturumlaufanlagen, Braunlaugenkessel,<br \/>\r\nErdgas<\/p>\r\n<p>[\/vc_column_text][vc_button border_width=&#8220;0&#8243; link=&#8220;url:%2Fde%2Fleistungen%2Findustrielle-dampferzeuger%2F&#8220; uncode_shortcode_id=&#8220;481390&#8243;]Mehr erfahren[\/vc_button][\/vc_column_inner][\/vc_row_inner][vc_row_inner row_inner_height_percent=&#8220;0&#8243; overlay_alpha=&#8220;50&#8243; equal_height=&#8220;yes&#8220; gutter_size=&#8220;3&#8243; shift_y=&#8220;0&#8243; z_index=&#8220;0&#8243; uncode_shortcode_id=&#8220;950437&#8243;][vc_column_inner column_width_percent=&#8220;100&#8243; align_horizontal=&#8220;align_center&#8220; gutter_size=&#8220;3&#8243; back_color=&#8220;color-lxmt&#8220; overlay_alpha=&#8220;50&#8243; shift_x=&#8220;0&#8243; shift_y=&#8220;0&#8243; shift_y_down=&#8220;0&#8243; z_index=&#8220;0&#8243; medium_width=&#8220;0&#8243; mobile_width=&#8220;0&#8243; width=&#8220;1\/2&#8243; uncode_shortcode_id=&#8220;203050&#8243; back_color_type=&#8220;uncode-palette&#8220;][vc_icon icon_image=&#8220;333&#8243; icon_color=&#8220;color-178836&#8243; uncode_shortcode_id=&#8220;865416&#8243; icon_color_type=&#8220;uncode-palette&#8220;][\/vc_icon][vc_custom_heading heading_semantic=&#8220;h3&#8243; text_size=&#8220;h3&#8243; uncode_shortcode_id=&#8220;871220&#8243;]Energieverfahrenstechnik[\/vc_custom_heading][vc_column_text uncode_shortcode_id=&#8220;183597&#8243;]W\u00e4rmetauschersysteme, Dampfturbinen, K\u00fchlwasser,<br \/>\r\nW\u00e4rmepumpen, Dampf- und Kondensatsysteme<\/p>\r\n<p>[\/vc_column_text][vc_button border_width=&#8220;0&#8243; link=&#8220;url:%2Fde%2Fleistungen%2Fenergie-verfahrenstechnik%2F&#8220; uncode_shortcode_id=&#8220;632660&#8243;]Mehr erfahren[\/vc_button][\/vc_column_inner][vc_column_inner column_width_percent=&#8220;100&#8243; align_horizontal=&#8220;align_center&#8220; gutter_size=&#8220;3&#8243; back_color=&#8220;color-lxmt&#8220; overlay_alpha=&#8220;50&#8243; shift_x=&#8220;0&#8243; shift_y=&#8220;0&#8243; shift_y_down=&#8220;0&#8243; z_index=&#8220;0&#8243; medium_width=&#8220;0&#8243; mobile_width=&#8220;0&#8243; width=&#8220;1\/2&#8243; uncode_shortcode_id=&#8220;224650&#8243; back_color_type=&#8220;uncode-palette&#8220;][vc_icon icon_image=&#8220;337&#8243; icon_color=&#8220;color-178836&#8243; uncode_shortcode_id=&#8220;176455&#8243; icon_color_type=&#8220;uncode-palette&#8220;][\/vc_icon][vc_custom_heading heading_semantic=&#8220;h3&#8243; text_size=&#8220;h3&#8243; uncode_shortcode_id=&#8220;125174&#8243;]Prozesssicherheitstechnik[\/vc_custom_heading][vc_column_text uncode_shortcode_id=&#8220;164064&#8243;]Sicherheitsventile, HAZOPs, Fackel- Berechnungen, Prozesssicherheitskonzepte<\/p>\r\n<p>[\/vc_column_text][vc_button border_width=&#8220;0&#8243; link=&#8220;url:%2Fde%2Fleistungen%2Fsicherheitstechnik%2F&#8220; uncode_shortcode_id=&#8220;158316&#8243;]Mehr erfahren[\/vc_button][\/vc_column_inner][\/vc_row_inner][\/vc_column][\/vc_row]<\/p>\r\n<\/div>","protected":false},"excerpt":{"rendered":"<p>[vc_row row_height_percent=&#8220;60&#8243; override_padding=&#8220;yes&#8220; h_padding=&#8220;2&#8243; top_padding=&#8220;2&#8243; bottom_padding=&#8220;3&#8243; back_image=&#8220;218&#8243; parallax=&#8220;yes&#8220; kburns=&#8220;zoom&#8220; overlay_color=&#8220;color-jevc&#8220; overlay_alpha=&#8220;30&#8243; gutter_size=&#8220;3&#8243; column_width_percent=&#8220;100&#8243; shift_y=&#8220;0&#8243; z_index=&#8220;0&#8243; top_divider=&#8220;tilt&#8220; uncode_shortcode_id=&#8220;637438&#8243; row_height_pixel=&#8220;492&#8243; overlay_color_type=&#8220;uncode-palette&#8220; shape_dividers=&#8220;&#8220;][vc_column [&hellip;]<\/p>\n","protected":false},"author":1,"featured_media":0,"parent":0,"menu_order":0,"comment_status":"closed","ping_status":"closed","template":"","meta":{"footnotes":""},"class_list":["post-2","page","type-page","status-publish","hentry"],"_links":{"self":[{"href":"https:\/\/nes.co.at\/de\/wp-json\/wp\/v2\/pages\/2","targetHints":{"allow":["GET"]}}],"collection":[{"href":"https:\/\/nes.co.at\/de\/wp-json\/wp\/v2\/pages"}],"about":[{"href":"https:\/\/nes.co.at\/de\/wp-json\/wp\/v2\/types\/page"}],"author":[{"embeddable":true,"href":"https:\/\/nes.co.at\/de\/wp-json\/wp\/v2\/users\/1"}],"replies":[{"embeddable":true,"href":"https:\/\/nes.co.at\/de\/wp-json\/wp\/v2\/comments?post=2"}],"version-history":[{"count":129,"href":"https:\/\/nes.co.at\/de\/wp-json\/wp\/v2\/pages\/2\/revisions"}],"predecessor-version":[{"id":766,"href":"https:\/\/nes.co.at\/de\/wp-json\/wp\/v2\/pages\/2\/revisions\/766"}],"wp:attachment":[{"href":"https:\/\/nes.co.at\/de\/wp-json\/wp\/v2\/media?parent=2"}],"curies":[{"name":"wp","href":"https:\/\/api.w.org\/{rel}","templated":true}]}}