{"id":97,"date":"2023-11-27T13:52:14","date_gmt":"2023-11-27T12:52:14","guid":{"rendered":"https:\/\/nes.co.at\/?page_id=97"},"modified":"2024-01-25T10:26:22","modified_gmt":"2024-01-25T09:26:22","slug":"leistungen","status":"publish","type":"page","link":"https:\/\/nes.co.at\/de\/leistungen\/","title":{"rendered":"Leistungen"},"content":{"rendered":"<div class=\"wpb-content-wrapper\"><p>[vc_row row_height_percent=&#8220;0&#8243; override_padding=&#8220;yes&#8220; h_padding=&#8220;2&#8243; top_padding=&#8220;5&#8243; bottom_padding=&#8220;5&#8243; overlay_alpha=&#8220;50&#8243; gutter_size=&#8220;3&#8243; column_width_percent=&#8220;100&#8243; shift_y=&#8220;0&#8243; z_index=&#8220;0&#8243; uncode_shortcode_id=&#8220;200571&#8243;][vc_column width=&#8220;1\/1&#8243;][vc_column_text uncode_shortcode_id=&#8220;164886&#8243;]NES bietet Simulationen, Engineering, Berechnungen, Nachrechnungen, Optimierungen, Konstruktionen und Konzepte in den Bereichen Verfahrenstechnik und Dampferzeugungstechnik.[\/vc_column_text][vc_row_inner row_inner_height_percent=&#8220;0&#8243; overlay_alpha=&#8220;50&#8243; equal_height=&#8220;yes&#8220; gutter_size=&#8220;3&#8243; shift_y=&#8220;0&#8243; z_index=&#8220;0&#8243; uncode_shortcode_id=&#8220;950437&#8243;][vc_column_inner column_width_percent=&#8220;100&#8243; align_horizontal=&#8220;align_center&#8220; gutter_size=&#8220;3&#8243; back_color=&#8220;color-lxmt&#8220; overlay_alpha=&#8220;50&#8243; shift_x=&#8220;0&#8243; shift_y=&#8220;0&#8243; shift_y_down=&#8220;0&#8243; z_index=&#8220;0&#8243; medium_width=&#8220;0&#8243; mobile_width=&#8220;0&#8243; width=&#8220;1\/2&#8243; uncode_shortcode_id=&#8220;203050&#8243; back_color_type=&#8220;uncode-palette&#8220;][vc_icon icon_image=&#8220;339&#8243; icon_color=&#8220;color-178836&#8243; uncode_shortcode_id=&#8220;123408&#8243; icon_color_type=&#8220;uncode-palette&#8220;][\/vc_icon][vc_custom_heading heading_semantic=&#8220;h3&#8243; text_size=&#8220;h3&#8243; uncode_shortcode_id=&#8220;373751&#8243;]Thermische Verfahrenstechnik[\/vc_custom_heading][vc_column_text uncode_shortcode_id=&#8220;157143&#8243;]Destillation, Eindampfung, Adsorption,<br \/>\nIonenaustausch, Absorption[\/vc_column_text][vc_button border_width=&#8220;0&#8243; link=&#8220;url:%2Fde%2Fleistungen%2Fthermische-verfahrenstechnik%2F&#8220; uncode_shortcode_id=&#8220;134335&#8243;]Mehr erfahren[\/vc_button][\/vc_column_inner][vc_column_inner column_width_percent=&#8220;100&#8243; align_horizontal=&#8220;align_center&#8220; gutter_size=&#8220;3&#8243; back_color=&#8220;color-lxmt&#8220; overlay_alpha=&#8220;50&#8243; shift_x=&#8220;0&#8243; shift_y=&#8220;0&#8243; shift_y_down=&#8220;0&#8243; z_index=&#8220;0&#8243; medium_width=&#8220;0&#8243; mobile_width=&#8220;0&#8243; width=&#8220;1\/2&#8243; uncode_shortcode_id=&#8220;432913&#8243; back_color_type=&#8220;uncode-palette&#8220;][vc_icon icon_image=&#8220;335&#8243; icon_color=&#8220;color-178836&#8243; uncode_shortcode_id=&#8220;141356&#8243; icon_color_type=&#8220;uncode-palette&#8220;][\/vc_icon][vc_custom_heading heading_semantic=&#8220;h3&#8243; text_size=&#8220;h3&#8243; uncode_shortcode_id=&#8220;104744&#8243;]Industrielle Dampfkessel[\/vc_custom_heading][vc_column_text uncode_shortcode_id=&#8220;377211&#8243;]Abhitzekessel, Biomasse, Schwarzlaugenkessel, Naturumlaufanlagen, Braunlaugenkessel,<br \/>\nErdgas[\/vc_column_text][vc_button border_width=&#8220;0&#8243; link=&#8220;url:%2Fde%2Fleistungen%2Findustrielle-dampferzeuger%2F&#8220; uncode_shortcode_id=&#8220;481390&#8243;]Mehr erfahren[\/vc_button][\/vc_column_inner][\/vc_row_inner][vc_row_inner row_inner_height_percent=&#8220;0&#8243; overlay_alpha=&#8220;50&#8243; equal_height=&#8220;yes&#8220; gutter_size=&#8220;3&#8243; shift_y=&#8220;0&#8243; z_index=&#8220;0&#8243; uncode_shortcode_id=&#8220;950437&#8243;][vc_column_inner column_width_percent=&#8220;100&#8243; align_horizontal=&#8220;align_center&#8220; gutter_size=&#8220;3&#8243; back_color=&#8220;color-lxmt&#8220; overlay_alpha=&#8220;50&#8243; shift_x=&#8220;0&#8243; shift_y=&#8220;0&#8243; shift_y_down=&#8220;0&#8243; z_index=&#8220;0&#8243; medium_width=&#8220;0&#8243; mobile_width=&#8220;0&#8243; width=&#8220;1\/2&#8243; uncode_shortcode_id=&#8220;203050&#8243; back_color_type=&#8220;uncode-palette&#8220;][vc_icon icon_image=&#8220;333&#8243; icon_color=&#8220;color-178836&#8243; uncode_shortcode_id=&#8220;865416&#8243; icon_color_type=&#8220;uncode-palette&#8220;][\/vc_icon][vc_custom_heading heading_semantic=&#8220;h3&#8243; text_size=&#8220;h3&#8243; uncode_shortcode_id=&#8220;871220&#8243;]Energieverfahrenstechnik[\/vc_custom_heading][vc_column_text uncode_shortcode_id=&#8220;165735&#8243;]W\u00e4rmetauschersysteme, Dampfturbinen, K\u00fchlwasser,<br \/>\nW\u00e4rmepumpen, Dampf- und Kondensatsysteme[\/vc_column_text][vc_button border_width=&#8220;0&#8243; link=&#8220;url:%2Fde%2Fleistungen%2Fenergie-verfahrenstechnik%2F&#8220; uncode_shortcode_id=&#8220;632660&#8243;]Mehr erfahren[\/vc_button][\/vc_column_inner][vc_column_inner column_width_percent=&#8220;100&#8243; align_horizontal=&#8220;align_center&#8220; gutter_size=&#8220;3&#8243; back_color=&#8220;color-lxmt&#8220; overlay_alpha=&#8220;50&#8243; shift_x=&#8220;0&#8243; shift_y=&#8220;0&#8243; shift_y_down=&#8220;0&#8243; z_index=&#8220;0&#8243; medium_width=&#8220;0&#8243; mobile_width=&#8220;0&#8243; width=&#8220;1\/2&#8243; uncode_shortcode_id=&#8220;224650&#8243; back_color_type=&#8220;uncode-palette&#8220;][vc_icon icon_image=&#8220;337&#8243; icon_color=&#8220;color-178836&#8243; uncode_shortcode_id=&#8220;176455&#8243; icon_color_type=&#8220;uncode-palette&#8220;][\/vc_icon][vc_custom_heading heading_semantic=&#8220;h3&#8243; text_size=&#8220;h3&#8243; uncode_shortcode_id=&#8220;125174&#8243;]Prozesssicherheitstechnik[\/vc_custom_heading][vc_column_text uncode_shortcode_id=&#8220;367737&#8243;]Sicherheitsventile, HAZOPs, Prozesssicherheitskonzepte[\/vc_column_text][vc_button border_width=&#8220;0&#8243; link=&#8220;url:%2Fde%2Fleistungen%2Fsicherheitstechnik%2F&#8220; uncode_shortcode_id=&#8220;158316&#8243;]Mehr erfahren[\/vc_button][\/vc_column_inner][\/vc_row_inner][vc_column_text uncode_shortcode_id=&#8220;178163&#8243;]Durchdachtes Engineering und vern\u00fcnftige Anlagenkonzepte sind der Schl\u00fcssel zum Erfolg in der Verfahrenstechnik. Durch Nutzung von Synergien k\u00f6nnen Energieeffizienz, Sicherheit und Umweltvertr\u00e4glichkeit kostenoptimiert erreicht werden.<br \/>\nDurch Verwendung moderner Berechnungstools k\u00f6nnen vor dem Bau der Anlage m\u00f6gliche Energieengp\u00e4sse und Umweltbelastungen erkannt und verhindert werden. Weitere Vorteile von Anlagenanalysen sind die Darstellung der Prozessnachhaltigkeit und Abstimmung des Gesamtkonzeptes.<\/p>\n<p>Wir f\u00fchren f\u00fcr alle Bereiche der Verfahrens- und Energietechnik die Erstellung von Massen- und Energiebilanzen durch. Auf Basis derer Flie\u00dfschemata und Spezifikationen erstellt werden k\u00f6nnen.<br \/>\nF\u00fcr spezielle Apparate, Komponenten und Teilanlagen bieten wir auch Gesamtpakete f\u00fcr das Verfahrensengineering und f\u00fcr die Auslegung an.[\/vc_column_text][\/vc_column][\/vc_row]<\/p>\n<\/div>","protected":false},"excerpt":{"rendered":"<p>[vc_row row_height_percent=&#8220;0&#8243; override_padding=&#8220;yes&#8220; h_padding=&#8220;2&#8243; top_padding=&#8220;5&#8243; bottom_padding=&#8220;5&#8243; overlay_alpha=&#8220;50&#8243; gutter_size=&#8220;3&#8243; column_width_percent=&#8220;100&#8243; shift_y=&#8220;0&#8243; z_index=&#8220;0&#8243; uncode_shortcode_id=&#8220;200571&#8243;][vc_column width=&#8220;1\/1&#8243;][vc_column_text uncode_shortcode_id=&#8220;164886&#8243;]NES bietet Simulationen, Engineering, Berechnungen, Nachrechnungen, Optimierungen, [&hellip;]<\/p>\n","protected":false},"author":1,"featured_media":556,"parent":0,"menu_order":2,"comment_status":"closed","ping_status":"closed","template":"","meta":{"footnotes":""},"class_list":["post-97","page","type-page","status-publish","has-post-thumbnail","hentry"],"_links":{"self":[{"href":"https:\/\/nes.co.at\/de\/wp-json\/wp\/v2\/pages\/97","targetHints":{"allow":["GET"]}}],"collection":[{"href":"https:\/\/nes.co.at\/de\/wp-json\/wp\/v2\/pages"}],"about":[{"href":"https:\/\/nes.co.at\/de\/wp-json\/wp\/v2\/types\/page"}],"author":[{"embeddable":true,"href":"https:\/\/nes.co.at\/de\/wp-json\/wp\/v2\/users\/1"}],"replies":[{"embeddable":true,"href":"https:\/\/nes.co.at\/de\/wp-json\/wp\/v2\/comments?post=97"}],"version-history":[{"count":15,"href":"https:\/\/nes.co.at\/de\/wp-json\/wp\/v2\/pages\/97\/revisions"}],"predecessor-version":[{"id":453,"href":"https:\/\/nes.co.at\/de\/wp-json\/wp\/v2\/pages\/97\/revisions\/453"}],"wp:featuredmedia":[{"embeddable":true,"href":"https:\/\/nes.co.at\/de\/wp-json\/wp\/v2\/media\/556"}],"wp:attachment":[{"href":"https:\/\/nes.co.at\/de\/wp-json\/wp\/v2\/media?parent=97"}],"curies":[{"name":"wp","href":"https:\/\/api.w.org\/{rel}","templated":true}]}}