{"id":99,"date":"2023-11-27T13:52:26","date_gmt":"2023-11-27T12:52:26","guid":{"rendered":"https:\/\/nes.co.at\/?page_id=99"},"modified":"2024-02-20T13:23:45","modified_gmt":"2024-02-20T12:23:45","slug":"simulations-werkzeuge","status":"publish","type":"page","link":"https:\/\/nes.co.at\/de\/simulations-werkzeuge\/","title":{"rendered":"Simulations-Werkzeuge"},"content":{"rendered":"<div class=\"wpb-content-wrapper\"><p>[vc_row row_height_percent=&#8220;0&#8243; override_padding=&#8220;yes&#8220; h_padding=&#8220;2&#8243; top_padding=&#8220;5&#8243; bottom_padding=&#8220;5&#8243; overlay_alpha=&#8220;50&#8243; gutter_size=&#8220;4&#8243; column_width_percent=&#8220;100&#8243; shift_y=&#8220;0&#8243; z_index=&#8220;0&#8243; uncode_shortcode_id=&#8220;128212&#8243;][vc_column width=&#8220;1\/3&#8243;][vc_single_image media=&#8220;461&#8243; media_width_percent=&#8220;100&#8243; uncode_shortcode_id=&#8220;187506&#8243;][\/vc_column][vc_column width=&#8220;2\/3&#8243;][vc_custom_heading heading_semantic=&#8220;h3&#8243; text_size=&#8220;h3&#8243; text_transform=&#8220;uppercase&#8220; uncode_shortcode_id=&#8220;109614&#8243;]<strong>P<\/strong>ower <strong>P<\/strong>lant <strong>S<\/strong>imulator and <strong>D<\/strong>esigner <strong>PPSD<\/strong>[\/vc_custom_heading][vc_column_text uncode_shortcode_id=&#8220;114777&#8243;]PPSD ist eine kommerzielle Software des Unternehmens KED GmbH zur Modellierung thermodynamischer Prozesse und von Dampferzeugern. PPSD wird haupts\u00e4chlich bei der Berechnung und Auslegung von Dampferzeugern und Kraftwerken eingesetzt.[\/vc_column_text][vc_button button_color=&#8220;color-319509&#8243; border_width=&#8220;0&#8243; link=&#8220;url:https%3A%2F%2Fpowerplantsimulator.com%2F|target:_blank&#8220; uncode_shortcode_id=&#8220;940766&#8243; button_color_type=&#8220;uncode-palette&#8220;]Erfahren Sie mehr[\/vc_button][\/vc_column][\/vc_row][vc_row row_height_percent=&#8220;0&#8243; override_padding=&#8220;yes&#8220; h_padding=&#8220;2&#8243; top_padding=&#8220;0&#8243; bottom_padding=&#8220;5&#8243; overlay_alpha=&#8220;50&#8243; gutter_size=&#8220;4&#8243; column_width_percent=&#8220;100&#8243; shift_y=&#8220;0&#8243; z_index=&#8220;0&#8243; uncode_shortcode_id=&#8220;182232&#8243;][vc_column width=&#8220;1\/3&#8243;][vc_single_image media=&#8220;541&#8243; media_width_percent=&#8220;100&#8243; uncode_shortcode_id=&#8220;153278&#8243;][\/vc_column][vc_column width=&#8220;2\/3&#8243;][vc_custom_heading heading_semantic=&#8220;h3&#8243; text_size=&#8220;h3&#8243; text_transform=&#8220;uppercase&#8220; uncode_shortcode_id=&#8220;178967&#8243;]<strong>F<\/strong>ives<strong> P<\/strong>ro<strong>S<\/strong>im[\/vc_custom_heading][vc_column_text uncode_shortcode_id=&#8220;206599&#8243;]ProSimPlus ist eine verfahrenstechnische Software, die Massen- und Energiebilanzberechnungen f\u00fcr eine Vielzahl industrieller station\u00e4rer Prozesse durchf\u00fchrt. Es wird sowohl bei der Planung als auch beim Betrieb bestehender Anlagen zur Prozessoptimierung, zur Fehlerbehebung oder Beseitigung von Engp\u00e4ssen, zur Modernisierung von Anlagen oder zur Durchf\u00fchrung von Front-End-Engineering-Analysen eingesetzt.[\/vc_column_text][vc_button button_color=&#8220;color-319509&#8243; border_width=&#8220;0&#8243; link=&#8220;url:http%3A%2F%2Fwww.fives-prosim.com|target:_blank&#8220; uncode_shortcode_id=&#8220;121835&#8243; button_color_type=&#8220;uncode-palette&#8220;]Erfahren Sie mehr[\/vc_button][\/vc_column][\/vc_row][vc_row row_height_percent=&#8220;0&#8243; override_padding=&#8220;yes&#8220; h_padding=&#8220;2&#8243; top_padding=&#8220;0&#8243; bottom_padding=&#8220;5&#8243; overlay_alpha=&#8220;50&#8243; gutter_size=&#8220;4&#8243; column_width_percent=&#8220;100&#8243; shift_y=&#8220;0&#8243; z_index=&#8220;0&#8243; uncode_shortcode_id=&#8220;182232&#8243;][vc_column width=&#8220;1\/3&#8243;][vc_single_image media=&#8220;547&#8243; media_width_percent=&#8220;100&#8243; uncode_shortcode_id=&#8220;120177&#8243;][\/vc_column][vc_column width=&#8220;2\/3&#8243;][vc_custom_heading heading_semantic=&#8220;h3&#8243; text_size=&#8220;h3&#8243; text_transform=&#8220;uppercase&#8220; uncode_shortcode_id=&#8220;184679&#8243;]<strong>CADISON<\/strong>[\/vc_custom_heading][vc_column_text uncode_shortcode_id=&#8220;128548&#8243;]Die Software CADISON\u00ae unterst\u00fctzt Kunden bei der Projektplanung und -entwicklung f\u00fcr Anlagen unterschiedlicher Branchen, wie z. B. Chemie-, Pharma-, Lebensmittel-, Getr\u00e4nke-, \u00d6l- und Gasindustrie sowie im Bereich Wasser\u2013 und Abwasseraufbereitung. Die vollintegrierte multidisziplin\u00e4re ingenieurtechnische Softwarel\u00f6sung vereint den gesamten Engineering-Workflow in einem System. Dies gilt sowohl f\u00fcr die nicht-grafischen als auch f\u00fcr die grafischen Daten (P&amp;ID, E-Technik, 3D-Modell).[\/vc_column_text][vc_button button_color=&#8220;color-319509&#8243; border_width=&#8220;0&#8243; link=&#8220;url:https%3A%2F%2Fwww.cadison.com%2Fde%2F|target:_blank&#8220; uncode_shortcode_id=&#8220;183482&#8243; button_color_type=&#8220;uncode-palette&#8220;]Erfahren Sie mehr[\/vc_button][\/vc_column][\/vc_row][vc_row row_height_percent=&#8220;0&#8243; override_padding=&#8220;yes&#8220; h_padding=&#8220;2&#8243; top_padding=&#8220;0&#8243; bottom_padding=&#8220;5&#8243; overlay_alpha=&#8220;50&#8243; gutter_size=&#8220;4&#8243; column_width_percent=&#8220;100&#8243; shift_y=&#8220;0&#8243; z_index=&#8220;0&#8243; uncode_shortcode_id=&#8220;182232&#8243;][vc_column width=&#8220;1\/3&#8243;][vc_single_image media=&#8220;550&#8243; media_width_percent=&#8220;100&#8243; uncode_shortcode_id=&#8220;262796&#8243;][\/vc_column][vc_column width=&#8220;2\/3&#8243;][vc_custom_heading heading_semantic=&#8220;h3&#8243; text_size=&#8220;h3&#8243; text_transform=&#8220;uppercase&#8220; uncode_shortcode_id=&#8220;184795&#8243;]<strong>HTRI<\/strong>[\/vc_custom_heading][vc_column_text uncode_shortcode_id=&#8220;128748&#8243;]HTRI ist der weltweit f\u00fchrende Anbieter von Prozessw\u00e4rme\u00fcbertragungstechnologie und Software f\u00fcr die Auslegung von W\u00e4rmetauschern. HTRI betreibt innovative Forschung, entwickelt Software und bietet Dienstleistungen (Schulungen, technischer Support, etc.) an, um spezifische Anforderungen zu erf\u00fcllen.[\/vc_column_text][vc_button button_color=&#8220;color-319509&#8243; border_width=&#8220;0&#8243; link=&#8220;url:https%3A%2F%2Fwww.htri.net%2F|target:_blank&#8220; uncode_shortcode_id=&#8220;120329&#8243; button_color_type=&#8220;uncode-palette&#8220;]Erfahren Sie mehr[\/vc_button][\/vc_column][\/vc_row][vc_row row_height_percent=&#8220;0&#8243; override_padding=&#8220;yes&#8220; h_padding=&#8220;2&#8243; top_padding=&#8220;0&#8243; bottom_padding=&#8220;5&#8243; overlay_alpha=&#8220;50&#8243; gutter_size=&#8220;4&#8243; column_width_percent=&#8220;100&#8243; shift_y=&#8220;0&#8243; z_index=&#8220;0&#8243; uncode_shortcode_id=&#8220;182232&#8243;][vc_column width=&#8220;1\/3&#8243;][vc_single_image media=&#8220;465&#8243; media_width_percent=&#8220;100&#8243; uncode_shortcode_id=&#8220;111054&#8243;][\/vc_column][vc_column width=&#8220;2\/3&#8243;][vc_custom_heading heading_semantic=&#8220;h3&#8243; text_size=&#8220;h3&#8243; text_transform=&#8220;uppercase&#8220; uncode_shortcode_id=&#8220;345598&#8243;]<strong>DIMy<\/strong>[\/vc_custom_heading][vc_column_text uncode_shortcode_id=&#8220;112273&#8243;]DIMy ist ein leistungsstarkes grafikunterst\u00fctztes Software-System des T\u00dcV NORD, das Anlagenplaner, Konstrukteure und Sachverst\u00e4ndige bei der Berechnung, Optimierung und Pr\u00fcfung von Komponenten unterst\u00fctzt und entlastet.<br \/>\nNES nutzt DIMy zur Berechnung nach EN13480, EN12952 und EN13445[\/vc_column_text][vc_button button_color=&#8220;color-319509&#8243; border_width=&#8220;0&#8243; link=&#8220;url:http%3A%2F%2Fwww.dimy.de|target:_blank&#8220; uncode_shortcode_id=&#8220;146982&#8243; button_color_type=&#8220;uncode-palette&#8220;]Erfahren Sie mehr[\/vc_button][\/vc_column][\/vc_row]<\/p>\n<\/div>","protected":false},"excerpt":{"rendered":"<p>[vc_row row_height_percent=&#8220;0&#8243; override_padding=&#8220;yes&#8220; h_padding=&#8220;2&#8243; top_padding=&#8220;5&#8243; bottom_padding=&#8220;5&#8243; overlay_alpha=&#8220;50&#8243; gutter_size=&#8220;4&#8243; column_width_percent=&#8220;100&#8243; shift_y=&#8220;0&#8243; z_index=&#8220;0&#8243; uncode_shortcode_id=&#8220;128212&#8243;][vc_column width=&#8220;1\/3&#8243;][vc_single_image media=&#8220;461&#8243; media_width_percent=&#8220;100&#8243; uncode_shortcode_id=&#8220;187506&#8243;][\/vc_column][vc_column width=&#8220;2\/3&#8243;][vc_custom_heading heading_semantic=&#8220;h3&#8243; text_size=&#8220;h3&#8243; text_transform=&#8220;uppercase&#8220; [&hellip;]<\/p>\n","protected":false},"author":1,"featured_media":273,"parent":0,"menu_order":3,"comment_status":"closed","ping_status":"closed","template":"","meta":{"footnotes":""},"class_list":["post-99","page","type-page","status-publish","has-post-thumbnail","hentry"],"_links":{"self":[{"href":"https:\/\/nes.co.at\/de\/wp-json\/wp\/v2\/pages\/99","targetHints":{"allow":["GET"]}}],"collection":[{"href":"https:\/\/nes.co.at\/de\/wp-json\/wp\/v2\/pages"}],"about":[{"href":"https:\/\/nes.co.at\/de\/wp-json\/wp\/v2\/types\/page"}],"author":[{"embeddable":true,"href":"https:\/\/nes.co.at\/de\/wp-json\/wp\/v2\/users\/1"}],"replies":[{"embeddable":true,"href":"https:\/\/nes.co.at\/de\/wp-json\/wp\/v2\/comments?post=99"}],"version-history":[{"count":27,"href":"https:\/\/nes.co.at\/de\/wp-json\/wp\/v2\/pages\/99\/revisions"}],"predecessor-version":[{"id":741,"href":"https:\/\/nes.co.at\/de\/wp-json\/wp\/v2\/pages\/99\/revisions\/741"}],"wp:featuredmedia":[{"embeddable":true,"href":"https:\/\/nes.co.at\/de\/wp-json\/wp\/v2\/media\/273"}],"wp:attachment":[{"href":"https:\/\/nes.co.at\/de\/wp-json\/wp\/v2\/media?parent=99"}],"curies":[{"name":"wp","href":"https:\/\/api.w.org\/{rel}","templated":true}]}}